{"id":750,"date":"2026-02-12T22:51:49","date_gmt":"2026-02-12T21:51:49","guid":{"rendered":"https:\/\/ewamyslowska.pl\/?page_id=750"},"modified":"2026-02-24T06:07:04","modified_gmt":"2026-02-24T05:07:04","slug":"o-mnie","status":"publish","type":"page","link":"https:\/\/ewamyslowska.pl\/?page_id=750","title":{"rendered":"O mnie"},"content":{"rendered":"<div data-colibri-id=\"750-c1\" class=\"style-727 style-local-750-c1 position-relative\">\r\n  <!---->\r\n  <div data-colibri-component=\"section\" data-colibri-id=\"750-c2\" id=\"custom\" class=\"h-section h-section-global-spacing d-flex align-items-lg-center align-items-md-center align-items-center style-728 style-local-750-c2 position-relative\">\r\n    <!---->\r\n    <!---->\r\n    <div class=\"h-section-grid-container h-section-boxed-container\">\r\n      <!---->\r\n      <div data-colibri-id=\"750-c3\" class=\"h-row-container gutters-row-lg-2 gutters-row-md-2 gutters-row-0 gutters-row-v-lg-2 gutters-row-v-md-2 gutters-row-v-2 style-729 style-local-750-c3 position-relative\">\r\n        <!---->\r\n        <div class=\"h-row justify-content-lg-center justify-content-md-center justify-content-center align-items-lg-stretch align-items-md-stretch align-items-stretch gutters-col-lg-2 gutters-col-md-2 gutters-col-0 gutters-col-v-lg-2 gutters-col-v-md-2 gutters-col-v-2\">\r\n          <!---->\r\n          <div class=\"h-column h-column-container d-flex h-col-lg-auto h-col-md-auto h-col-auto style-730-outer style-local-750-c4-outer\">\r\n            <div data-colibri-id=\"750-c4\" class=\"d-flex h-flex-basis h-column__inner h-px-lg-2 h-px-md-2 h-px-2 v-inner-lg-2 v-inner-md-2 v-inner-2 style-730 style-local-750-c4 position-relative\">\r\n              <!---->\r\n              <!---->\r\n              <div class=\"w-100 h-y-container h-column__content h-column__v-align flex-basis-100 align-self-lg-start align-self-md-start align-self-start\">\r\n                <!---->\r\n                <div data-colibri-component=\"dropdown-menu\" role=\"navigation\" h-use-smooth-scroll-all=\"true\" data-colibri-id=\"750-c5\" class=\"h-menu h-global-transition-all h-ignore-global-body-typography has-offcanvas-mobile h-menu-horizontal h-dropdown-menu style-732 style-local-750-c5 position-relative h-element\">\r\n                  <!---->\r\n                  <div class=\"h-global-transition-all h-main-menu\"><div class=\"colibri-menu-container\"><ul id=\"menu-glowne\" class=\"colibri-menu none \"><li id=\"menu-item-749\" class=\"menu-item menu-item-type-post_type menu-item-object-page menu-item-home menu-item-749\"><a href=\"https:\/\/ewamyslowska.pl\/\">Strona g\u0142\u00f3wna<\/a><\/li>\n<li id=\"menu-item-752\" class=\"menu-item menu-item-type-post_type menu-item-object-page menu-item-752\"><a href=\"https:\/\/ewamyslowska.pl\/?page_id=750\">O mnie<\/a><\/li>\n<li id=\"menu-item-1018\" class=\"menu-item menu-item-type-post_type menu-item-object-page menu-item-1018\"><a href=\"https:\/\/ewamyslowska.pl\/?page_id=1016\">Kontakt<\/a><\/li>\n<\/ul><\/div><\/div>\r\n                  <div data-colibri-id=\"750-c6\" class=\"h-mobile-menu h-global-transition-disable style-733 style-local-750-c6 position-relative h-element\">\r\n                    <!---->\r\n                    <a data-click-outside=\"true\" data-target=\"#offcanvas-wrapper-750-c6\" data-target-id=\"offcanvas-wrapper-750-c6\" data-offcanvas-overlay-id=\"offcanvas-overlay-750-c6\" href=\"#\" data-colibri-component=\"offcanvas\" data-direction=\"right\"\r\n                      data-push=\"false\" title=\"Menu\" class=\"h-hamburger-button\">\r\n                      <div class=\"icon-container h-hamburger-icon\">\r\n                        <div class=\"h-icon-svg\" style=\"width: 100%; height: 100%;\">\r\n                          <!--Icon by Font Awesome (https:\/\/fontawesome.com)-->\r\n                          <svg version=\"1.1\" xmlns=\"http:\/\/www.w3.org\/2000\/svg\" xmlns:xlink=\"http:\/\/www.w3.org\/1999\/xlink\" id=\"bars\" viewBox=\"0 0 1536 1896.0833\">\r\n                            <path d=\"M1536 1344v128q0 26-19 45t-45 19H64q-26 0-45-19t-19-45v-128q0-26 19-45t45-19h1408q26 0 45 19t19 45zm0-512v128q0 26-19 45t-45 19H64q-26 0-45-19T0 960V832q0-26 19-45t45-19h1408q26 0 45 19t19 45zm0-512v128q0 26-19 45t-45 19H64q-26 0-45-19T0 448V320q0-26 19-45t45-19h1408q26 0 45 19t19 45z\"><\/path>\r\n                          <\/svg>\r\n                        <\/div>\r\n                      <\/div>\r\n                    <\/a>\r\n                    <div id=\"offcanvas-wrapper-750-c6\" class=\"h-offcanvas-panel offcanvas offcanvas-right hide force-hide style-733-offscreen style-local-750-c6-offscreen\">\r\n                      <div data-colibri-id=\"750-c7\" class=\"d-flex flex-column h-offscreen-panel style-734 style-local-750-c7 position-relative h-element\">\r\n                        <!---->\r\n                        <div class=\"offscreen-header h-ui-empty-state-container\">\r\n                          <div data-colibri-id=\"750-c9\" class=\"h-row-container gutters-row-lg-0 gutters-row-md-0 gutters-row-0 gutters-row-v-lg-0 gutters-row-v-md-0 gutters-row-v-0 style-736 style-local-750-c9 position-relative\">\r\n                            <!---->\r\n                            <div class=\"h-row justify-content-lg-center justify-content-md-center justify-content-center align-items-lg-stretch align-items-md-stretch align-items-stretch gutters-col-lg-0 gutters-col-md-0 gutters-col-0 gutters-col-v-lg-0 gutters-col-v-md-0 gutters-col-v-0\">\r\n                              <!---->\r\n                              <div class=\"h-column h-column-container d-flex h-col-lg h-col-md h-col-auto style-737-outer style-local-750-c10-outer\">\r\n                                <div data-colibri-id=\"750-c10\" class=\"d-flex h-flex-basis h-column__inner h-px-lg-2 h-px-md-2 h-px-2 v-inner-lg-2 v-inner-md-2 v-inner-2 style-737 style-local-750-c10 position-relative\">\r\n                                  <!---->\r\n                                  <!---->\r\n                                  <div class=\"w-100 h-y-container h-column__content h-column__v-align flex-basis-100 align-self-lg-start align-self-md-start align-self-start\">\r\n                                    <!---->\r\n                                    <div data-colibri-id=\"750-c11\" class=\"d-flex align-items-center text-lg-center text-md-center text-center justify-content-lg-center justify-content-md-center justify-content-center style-738 style-local-750-c11 position-relative h-element\">\r\n                                      <!---->\r\n                                      <a rel=\"home\" href=\"https:\/\/ewamyslowska.pl\/\" h-use-smooth-scroll=\"true\" class=\"d-flex align-items-center\">\r\n                                        <img decoding=\"async\" src=\"https:\/\/ewamyslowska.pl\/wp-content\/uploads\/2023\/06\/cropped-cropped-Black-and-Gold-Classy-Minimalist-Circular-Name-Logo-4.png\" class=\"h-logo__image h-logo__image_h logo-image style-738-image style-local-750-c11-image\" alt=\"\" \/>\r\n                                        <img decoding=\"async\" src=\"https:\/\/ewamyslowska.pl\/wp-content\/uploads\/2023\/06\/cropped-cropped-Black-and-Gold-Classy-Minimalist-Circular-Name-Logo-4.png\" class=\"h-logo__alt-image h-logo__alt-image_h logo-alt-image style-738-image style-local-750-c11-image\">\r\n                                      <\/a>\r\n                                    <\/div>\r\n                                  <\/div>\r\n                                <\/div>\r\n                              <\/div>\r\n                            <\/div>\r\n                          <\/div>\r\n                        <\/div>\r\n                        <div class=\"offscreen-content\">\r\n                          <!---->\r\n                          <div data-colibri-component=\"accordion-menu\" role=\"navigation\" h-use-smooth-scroll-all=\"true\" data-colibri-id=\"750-c8\" class=\"h-menu h-global-transition-all h-ignore-global-body-typography h-mobile-menu h-menu-accordion style-735 style-local-750-c8 position-relative h-element\">\r\n                            <!---->\r\n                            <div class=\"h-global-transition-all h-mobile-menu\"><div class=\"colibri-menu-container\"><ul id=\"menu-glowne-1\" class=\"colibri-menu none \"><li class=\"menu-item menu-item-type-post_type menu-item-object-page menu-item-home menu-item-749\"><a href=\"https:\/\/ewamyslowska.pl\/\">Strona g\u0142\u00f3wna<\/a><\/li>\n<li class=\"menu-item menu-item-type-post_type menu-item-object-page menu-item-752\"><a href=\"https:\/\/ewamyslowska.pl\/?page_id=750\">O mnie<\/a><\/li>\n<li class=\"menu-item menu-item-type-post_type menu-item-object-page menu-item-1018\"><a href=\"https:\/\/ewamyslowska.pl\/?page_id=1016\">Kontakt<\/a><\/li>\n<\/ul><\/div><\/div>\r\n                          <\/div>\r\n                        <\/div>\r\n                        <div class=\"offscreen-footer h-ui-empty-state-container\">\r\n                          <div data-colibri-id=\"750-c12\" class=\"h-row-container gutters-row-lg-0 gutters-row-md-0 gutters-row-0 gutters-row-v-lg-0 gutters-row-v-md-0 gutters-row-v-0 style-739 style-local-750-c12 position-relative\">\r\n                            <!---->\r\n                            <div class=\"h-row justify-content-lg-center justify-content-md-center justify-content-center align-items-lg-stretch align-items-md-stretch align-items-stretch gutters-col-lg-0 gutters-col-md-0 gutters-col-0 gutters-col-v-lg-0 gutters-col-v-md-0 gutters-col-v-0\">\r\n                              <!---->\r\n                              <div class=\"h-column h-column-container d-flex h-col-lg h-col-md h-col-auto style-740-outer style-local-750-c13-outer\">\r\n                                <div data-colibri-id=\"750-c13\" class=\"d-flex h-flex-basis h-column__inner h-px-lg-2 h-px-md-2 h-px-2 v-inner-lg-2 v-inner-md-2 v-inner-2 style-740 style-local-750-c13 position-relative\">\r\n                                  <!---->\r\n                                  <!---->\r\n                                  <div class=\"w-100 h-y-container h-column__content h-column__v-align flex-basis-100 align-self-lg-start align-self-md-start align-self-start\">\r\n                                    <!---->\r\n                                    <div data-colibri-id=\"750-c14\" class=\"h-text h-text-component style-741 style-local-750-c14 position-relative h-element\">\r\n                                      <!---->\r\n                                      <!---->\r\n                                      <div class=\"\">\r\n                                        <p>\u00a9 2026<\/p>\r\n                                      <\/div>\r\n                                    <\/div>\r\n                                  <\/div>\r\n                                <\/div>\r\n                              <\/div>\r\n                            <\/div>\r\n                          <\/div>\r\n                        <\/div>\r\n                      <\/div>\r\n                    <\/div>\r\n                    <div id=\"offcanvas-overlay-750-c6\" class=\"offscreen-overlay style-733-offscreenOverlay style-local-750-c6-offscreenOverlay\"><\/div>\r\n                  <\/div>\r\n                <\/div>\r\n              <\/div>\r\n            <\/div>\r\n          <\/div>\r\n        <\/div>\r\n      <\/div>\r\n    <\/div>\r\n  <\/div>\r\n  <div data-colibri-component=\"section\" data-colibri-id=\"750-c15\" id=\"custom-2\" class=\"h-section h-section-global-spacing d-flex align-items-lg-center align-items-md-center align-items-center style-742 style-local-750-c15 position-relative\">\r\n    <!---->\r\n    <!---->\r\n    <div class=\"h-section-grid-container h-section-boxed-container\">\r\n      <!---->\r\n      <div data-colibri-id=\"750-c16\" class=\"h-row-container gutters-row-lg-2 gutters-row-md-2 gutters-row-0 gutters-row-v-lg-2 gutters-row-v-md-2 gutters-row-v-2 style-746 style-local-750-c16 position-relative\">\r\n        <!---->\r\n        <div class=\"h-row justify-content-lg-center justify-content-md-center justify-content-center align-items-lg-stretch align-items-md-stretch align-items-stretch gutters-col-lg-2 gutters-col-md-2 gutters-col-0 gutters-col-v-lg-2 gutters-col-v-md-2 gutters-col-v-2\">\r\n          <!---->\r\n          <div class=\"h-column h-column-container d-flex h-col-lg-auto h-col-md-auto h-col-auto style-747-outer style-local-750-c17-outer\">\r\n            <div data-colibri-id=\"750-c17\" class=\"d-flex h-flex-basis h-column__inner h-px-lg-2 h-px-md-2 h-px-2 v-inner-lg-2 v-inner-md-2 v-inner-2 style-747 style-local-750-c17 position-relative\">\r\n              <!---->\r\n              <!---->\r\n              <div class=\"w-100 h-y-container h-column__content h-column__v-align flex-basis-100 align-self-lg-start align-self-md-start align-self-start\">\r\n                <!---->\r\n                <div data-colibri-id=\"750-c18\" class=\"h-global-transition-all h-heading style-750 style-local-750-c18 position-relative h-element\">\r\n                  <!---->\r\n                  <div class=\"h-heading__outer style-750 style-local-750-c18\">\r\n                    <!---->\r\n                    <!---->\r\n                    <h2 class=\"\">O mnie<\/h2>\r\n                  <\/div>\r\n                <\/div>\r\n              <\/div>\r\n            <\/div>\r\n          <\/div>\r\n        <\/div>\r\n      <\/div>\r\n      <div data-colibri-id=\"750-c19\" class=\"h-row-container gutters-row-lg-2 gutters-row-md-2 gutters-row-0 gutters-row-v-lg-2 gutters-row-v-md-2 gutters-row-v-2 style-743 style-local-750-c19 position-relative\">\r\n        <!---->\r\n        <div class=\"h-row justify-content-lg-center justify-content-md-center justify-content-center align-items-lg-stretch align-items-md-stretch align-items-stretch gutters-col-lg-2 gutters-col-md-2 gutters-col-0 gutters-col-v-lg-2 gutters-col-v-md-2 gutters-col-v-2\">\r\n          <!---->\r\n          <div class=\"h-column h-column-container d-flex h-col-lg-auto h-col-md-auto h-col-auto style-744-outer style-local-750-c20-outer\">\r\n            <div data-colibri-id=\"750-c20\" class=\"d-flex h-flex-basis h-column__inner h-px-lg-2 h-px-md-2 h-px-2 v-inner-lg-2 v-inner-md-2 v-inner-2 style-744 style-local-750-c20 position-relative\">\r\n              <!---->\r\n              <!---->\r\n              <div class=\"w-100 h-y-container h-column__content h-column__v-align flex-basis-100 align-self-lg-start align-self-md-start align-self-start\">\r\n                <!---->\r\n                <div data-colibri-id=\"750-c21\" class=\"h-text h-text-component style-745 style-local-750-c21 position-relative h-element\">\r\n                  <!---->\r\n                  <!---->\r\n                  <div class=\"\">\r\n                    <p>Pisanie daje mi rado\u015b\u0107 i pozwala opowiada\u0107 historie, kt\u00f3re poruszaj\u0105. Tworz\u0105c postaci, odkrywam ich emocje, drogi i motywy dzia\u0142ania. To w\u0142a\u015bnie wtedy \u017cycie ods\u0142ania przede mn\u0105 sw\u00f3j ukryty sens.<\/p>\r\n                    <p>Kiedy pisz\u0119, bohaterowie nadaj\u0105 opowie\u015bci rytm i precyzuj\u0105 kierunek, kt\u00f3ry na pocz\u0105tku by\u0142 ledwie nakre\u015blony.<\/p>\r\n                    <p>Chc\u0119, aby moje ksi\u0105\u017cki by\u0142y dla czytelnika czym\u015b wi\u0119cej ni\u017c rozrywk\u0105, by nios\u0142y przes\u0142anie, \u017ce wszystko jest po co\u015b \u2014 nawet w momentach najwi\u0119kszego chaosu.<\/p>\r\n                  <\/div>\r\n                <\/div>\r\n              <\/div>\r\n            <\/div>\r\n          <\/div>\r\n        <\/div>\r\n      <\/div>\r\n    <\/div>\r\n  <\/div>\r\n<\/div>","protected":false},"excerpt":{"rendered":"<p>\u00a9 2026 O mnie Pisanie daje mi rado\u015b\u0107 i pozwala opowiada\u0107 historie, kt\u00f3re poruszaj\u0105. Tworz\u0105c postaci, odkrywam ich emocje, drogi i motywy dzia\u0142ania. To w\u0142a\u015bnie wtedy \u017cycie ods\u0142ania przede mn\u0105 sw\u00f3j ukryty sens. Kiedy pisz\u0119, bohaterowie nadaj\u0105 opowie\u015bci rytm i precyzuj\u0105 kierunek, kt\u00f3ry na pocz\u0105tku by\u0142 ledwie nakre\u015blony. Chc\u0119, aby moje ksi\u0105\u017cki by\u0142y dla czytelnika [&hellip;]<\/p>\n","protected":false},"author":1,"featured_media":0,"parent":0,"menu_order":0,"comment_status":"closed","ping_status":"closed","template":"page-templates\/full-width-page.php","meta":{"_themeisle_gutenberg_block_has_review":false,"footnotes":""},"class_list":["post-750","page","type-page","status-publish","hentry"],"aioseo_notices":[],"_links":{"self":[{"href":"https:\/\/ewamyslowska.pl\/index.php?rest_route=\/wp\/v2\/pages\/750","targetHints":{"allow":["GET"]}}],"collection":[{"href":"https:\/\/ewamyslowska.pl\/index.php?rest_route=\/wp\/v2\/pages"}],"about":[{"href":"https:\/\/ewamyslowska.pl\/index.php?rest_route=\/wp\/v2\/types\/page"}],"author":[{"embeddable":true,"href":"https:\/\/ewamyslowska.pl\/index.php?rest_route=\/wp\/v2\/users\/1"}],"replies":[{"embeddable":true,"href":"https:\/\/ewamyslowska.pl\/index.php?rest_route=%2Fwp%2Fv2%2Fcomments&post=750"}],"version-history":[{"count":8,"href":"https:\/\/ewamyslowska.pl\/index.php?rest_route=\/wp\/v2\/pages\/750\/revisions"}],"predecessor-version":[{"id":1138,"href":"https:\/\/ewamyslowska.pl\/index.php?rest_route=\/wp\/v2\/pages\/750\/revisions\/1138"}],"wp:attachment":[{"href":"https:\/\/ewamyslowska.pl\/index.php?rest_route=%2Fwp%2Fv2%2Fmedia&parent=750"}],"curies":[{"name":"wp","href":"https:\/\/api.w.org\/{rel}","templated":true}]}}